{"id":54,"date":"2026-02-22T15:45:47","date_gmt":"2026-02-22T15:45:47","guid":{"rendered":"http:\/\/inmyheels.si\/?page_id=54"},"modified":"2026-03-24T17:48:42","modified_gmt":"2026-03-24T17:48:42","slug":"urniki","status":"publish","type":"page","link":"https:\/\/inmyheels.si\/?page_id=54","title":{"rendered":"Urniki"},"content":{"rendered":"<div class=\"\" style=\"\" >\n    \n    <section class=\"u-clearfix u-palette-2-base u-section-2\" id=\"block-5\">\n      <div class=\"u-clearfix u-sheet u-sheet-1\">\n        <h2 class=\"u-align-left u-text u-text-1\" data-animation-name=\"customAnimationIn\" data-animation-duration=\"1000\" data-animation-delay=\"0\">Na\u0161 a\u200b\u200bktualni urnik<\/h2>\n        <div class=\"u-align-center u-clearfix u-group-elements u-group-elements-1\" data-animation-name=\"customAnimationIn\" data-animation-duration=\"1000\" data-animation-delay=\"0\">\n          <div class=\"u-align-center u-clearfix u-container-align-left u-expanded-width u-group-elements u-group-elements-2\">\n            <h4 class=\"u-align-left u-text u-text-2\">Ponedeljek:<\/h4>\n            <p class=\"u-align-left u-text u-text-palette-4-base u-text-3\">18:30 - 19:30 FLEXIBILITY &amp; streching<br>\n              <br>19:30 - 21:00 BEGINNER BABES I\n            <\/p>\n          <\/div>\n          <div class=\"u-align-center u-clearfix u-container-align-left u-group-elements u-group-elements-3\">\n            <h4 class=\"u-align-left u-text u-text-4\">Torek: <\/h4>\n            <p class=\"u-align-left u-text u-text-palette-4-base u-text-5\">17:30 - 19:00 INTERMEDIATE BABES<br>\n              <br>20:00 - 21:30 \u200b&nbsp;BEGINNER BABES II\n            <\/p>\n          <\/div>\n          <div class=\"u-align-center u-clearfix u-expanded-width-xs u-group-elements u-group-elements-4\">\n            <h4 class=\"u-align-left u-text u-text-6\">\u010cetrtek: <\/h4>\n            <p class=\"u-align-left u-text u-text-palette-4-base u-text-7\">17:30 - 19:00 BEGINNER BABES III - v plesni \u0161oli Ruba, Kav\u010di\u010deva ulica 66<br>\n              <br> 20:00 - 21:30 \u200bBEGINNER BABES III<br>20:00 - 21:30 TECHNIQUE&nbsp;BABES (ADV\/INT) II&nbsp;\n            <\/p>\n          <\/div>\n        <\/div>\n      <\/div>\n    <\/section>\n    <section class=\"u-clearfix u-palette-4-base u-section-3\" id=\"block-2\">\n      <div class=\"u-clearfix u-sheet u-valign-middle-xl u-sheet-1\">\n        <h2 class=\"u-text u-text-default u-text-1\" data-animation-name=\"customAnimationIn\" data-animation-duration=\"1000\" data-animation-delay=\"0\">Kateri te\u010daj je pravi zame?<\/h2>\n        <div class=\"u-clearfix u-group-elements u-group-elements-1\" data-animation-name=\"customAnimationIn\" data-animation-duration=\"1000\" data-animation-delay=\"0\">\n          <p class=\"u-text u-text-body-color u-text-2\">Ali ne ve\u0161 kateri te\u010daj izbrati - preberi si opis na\u0161ih te\u010dajev<\/p>\n          <a href=\"https:\/\/inmyheels.si\/?page_id=10#block-5\" class=\"u-active-custom-color-6 u-border-none u-btn u-btn-round u-button-style u-custom-font u-heading-font u-hover-custom-color-6 u-palette-3-base u-radius u-btn-1\">Opis te\u010dajev<\/a>\n        <\/div>\n      <\/div>\n    <\/section>\n    <section class=\"u-carousel u-slide u-block-f858-1\" id=\"carousel-24fb\" data-interval=\"2500\" data-u-ride=\"carousel\">\n      <ol class=\"u-absolute-hcenter u-carousel-indicators u-hidden u-block-f858-2\">\n        <li data-u-target=\"#carousel-24fb\" data-u-slide-to=\"0\" class=\"u-active u-grey-30 u-shape-circle\" style=\"width: 10px; height: 10px;\"><\/li>\n        <li data-u-target=\"#carousel-24fb\" class=\"u-grey-30 u-shape-circle\" style=\"width: 10px; height: 10px;\" data-u-slide-to=\"1\"><\/li>\n        <li data-u-target=\"#carousel-24fb\" class=\"u-grey-30 u-shape-circle\" style=\"width: 10px; height: 10px;\" data-u-slide-to=\"2\"><\/li>\n        <li data-u-target=\"#carousel-24fb\" class=\"u-grey-30 u-shape-circle\" style=\"width: 10px; height: 10px;\" data-u-slide-to=\"3\"><\/li>\n      <\/ol>\n      <div class=\"u-carousel-inner\" role=\"listbox\">\n        <div class=\"u-active u-carousel-item u-container-style u-image u-section-4-1\" data-image-width=\"2066\" data-image-height=\"1326\" style=\"background-image: url(&quot;https:\/\/inmyheels.si\/wp-content\/uploads\/2026\/02\/Screenshot2026-01-14at13.54.20.png&quot;);\">\n          <div class=\"u-clearfix u-sheet u-sheet-1\"><\/div>\n        <\/div>\n        <div class=\"u-carousel-item u-container-style u-image u-section-4-2\" data-image-width=\"1365\" data-image-height=\"2048\" style=\"background-image: url(&quot;https:\/\/inmyheels.si\/wp-content\/uploads\/2026\/02\/Photo7.8.25202932-1365x2048.jpeg&quot;);\">\n          <div class=\"u-clearfix u-sheet u-sheet-1\"><\/div>\n        <\/div>\n        <div class=\"u-carousel-item u-container-style u-image u-section-4-3\" data-image-width=\"2048\" data-image-height=\"1366\" style=\"background-image: url(&quot;https:\/\/inmyheels.si\/wp-content\/uploads\/2026\/02\/8526396e-6174-435f-ba2f-ee37110bb6b4-1.jpg&quot;);\">\n          <div class=\"u-clearfix u-sheet u-sheet-1\"><\/div>\n        <\/div>\n        <div class=\"u-carousel-item u-container-style u-image u-section-4-4\" data-image-width=\"1365\" data-image-height=\"2048\" style=\"background-image: url(&quot;https:\/\/inmyheels.si\/wp-content\/uploads\/2026\/02\/Photo7.8.25202318-1-1365x2048.jpg&quot;);\">\n          <div class=\"u-clearfix u-sheet u-sheet-1\"><\/div>\n        <\/div>\n      <\/div>\n      <a class=\"u-absolute-vcenter u-carousel-control u-carousel-control-prev u-text-hover-palette-4-base u-text-palette-4-base u-block-f858-3\" href=\"#carousel-24fb\" role=\"button\" data-u-slide=\"prev\"><span aria-hidden=\"true\">\n          <svg class=\"u-svg-link\" viewBox=\"0 0 477.175 477.175\"><path d=\"M145.188,238.575l215.5-215.5c5.3-5.3,5.3-13.8,0-19.1s-13.8-5.3-19.1,0l-225.1,225.1c-5.3,5.3-5.3,13.8,0,19.1l225.1,225\n                    c2.6,2.6,6.1,4,9.5,4s6.9-1.3,9.5-4c5.3-5.3,5.3-13.8,0-19.1L145.188,238.575z\"><\/path><\/svg><\/span><span class=\"sr-only\">Previous<\/span>\n      <\/a>\n      <a class=\"u-absolute-vcenter u-carousel-control u-carousel-control-next u-text-hover-palette-4-base u-text-palette-4-base u-block-f858-4\" href=\"#carousel-24fb\" role=\"button\" data-u-slide=\"next\"><span aria-hidden=\"true\">\n          <svg class=\"u-svg-link\" viewBox=\"0 0 477.175 477.175\"><path d=\"M360.731,229.075l-225.1-225.1c-5.3-5.3-13.8-5.3-19.1,0s-5.3,13.8,0,19.1l215.5,215.5l-215.5,215.5\n                    c-5.3,5.3-5.3,13.8,0,19.1c2.6,2.6,6.1,4,9.5,4c3.4,0,6.9-1.3,9.5-4l225.1-225.1C365.931,242.875,365.931,234.275,360.731,229.075z\"><\/path><\/svg><\/span><span class=\"sr-only\">Next<\/span>\n      <\/a>\n    <\/section>\n    <section class=\"u-clearfix u-palette-4-base u-section-5\" id=\"block-4\">\n      <div class=\"u-clearfix u-sheet u-valign-middle-xl u-sheet-1\">\n        <h2 class=\"u-text u-text-default u-text-1\" data-animation-name=\"customAnimationIn\" data-animation-duration=\"1000\" data-animation-delay=\"0\">Si pripravljena na prijavo?<\/h2>\n        <a href=\"https:\/\/docs.google.com\/forms\/d\/e\/1FAIpQLSdVUejv2YIDnsv7AiQegNaoezD5YkSbODIkunhjXrD9nTAZsQ\/viewform?fbclid=PAQ0xDSwMRvp9leHRuA2FlbQIxMQABpylKhhppT-WyrjEDd07DcujQLyYstUKmy_ijBxVib5hah-7TWvPQkJHgxFNe_aem_03dnpg1YOIJAHim1i1TtvQ\" class=\"u-active-custom-color-6 u-border-none u-btn u-btn-round u-button-style u-custom-font u-heading-font u-hover-custom-color-6 u-palette-3-base u-radius u-btn-1\" target=\"_blank\" data-animation-name=\"customAnimationIn\" data-animation-duration=\"1000\" data-animation-delay=\"0\">Izpolni prijavnico<\/a>\n      <\/div>\n    <\/section>\n    \n    \n    \n  \n<\/div>","protected":false},"excerpt":{"rendered":"<p>Na\u0161 a\u200b\u200bktualni urnik Ponedeljek: 18:30 &#8211; 19:30 FLEXIBILITY &amp; streching 19:30 &#8211; 21:00 BEGINNER BABES I Torek: 17:30 &#8211; 19:00 INTERMEDIATE BABES 20:00 &#8211; 21:30 \u200b&nbsp;BEGINNER BABES II \u010cetrtek: 17:30 &#8211; 19:00 BEGINNER BABES III &#8211; v plesni \u0161oli Ruba, Kav\u010di\u010deva ulica 66 20:00 &#8211; 21:30 \u200bBEGINNER BABES III20:00 &#8211; 21:30 TECHNIQUE&nbsp;BABES (ADV\/INT) II&nbsp; Kateri [&hellip;]<\/p>\n","protected":false},"author":1,"featured_media":0,"parent":0,"menu_order":0,"comment_status":"closed","ping_status":"closed","template":"","meta":{"pagelayer_contact_templates":[],"_pagelayer_content":"","footnotes":""},"class_list":["post-54","page","type-page","status-publish","hentry"],"_links":{"self":[{"href":"https:\/\/inmyheels.si\/index.php?rest_route=\/wp\/v2\/pages\/54","targetHints":{"allow":["GET"]}}],"collection":[{"href":"https:\/\/inmyheels.si\/index.php?rest_route=\/wp\/v2\/pages"}],"about":[{"href":"https:\/\/inmyheels.si\/index.php?rest_route=\/wp\/v2\/types\/page"}],"author":[{"embeddable":true,"href":"https:\/\/inmyheels.si\/index.php?rest_route=\/wp\/v2\/users\/1"}],"replies":[{"embeddable":true,"href":"https:\/\/inmyheels.si\/index.php?rest_route=%2Fwp%2Fv2%2Fcomments&post=54"}],"version-history":[{"count":8,"href":"https:\/\/inmyheels.si\/index.php?rest_route=\/wp\/v2\/pages\/54\/revisions"}],"predecessor-version":[{"id":143,"href":"https:\/\/inmyheels.si\/index.php?rest_route=\/wp\/v2\/pages\/54\/revisions\/143"}],"wp:attachment":[{"href":"https:\/\/inmyheels.si\/index.php?rest_route=%2Fwp%2Fv2%2Fmedia&parent=54"}],"curies":[{"name":"wp","href":"https:\/\/api.w.org\/{rel}","templated":true}]}}