{"id":39,"date":"2026-02-22T15:45:38","date_gmt":"2026-02-22T15:45:38","guid":{"rendered":"http:\/\/inmyheels.si\/?page_id=39"},"modified":"2026-03-24T17:49:45","modified_gmt":"2026-03-24T17:49:45","slug":"o-meni","status":"publish","type":"page","link":"https:\/\/inmyheels.si\/?page_id=39","title":{"rendered":"O meni"},"content":{"rendered":"<div class=\"\" style=\"\" >\n    \n    <section class=\"u-clearfix u-palette-2-base u-section-2\" id=\"block-1\">\n      <div class=\"u-clearfix u-sheet u-sheet-1\">\n        <div class=\"u-clearfix u-group-elements u-group-elements-1\" data-animation-name=\"customAnimationIn\" data-animation-duration=\"1000\" data-animation-delay=\"0\">\n          <h1 class=\"u-text u-text-default u-text-1\" data-animation-name=\"customAnimationIn\" data-animation-duration=\"1000\" data-animation-delay=\"0\">O meni<\/h1>\n          <p class=\"u-text u-text-2\" data-animation-name=\"customAnimationIn\" data-animation-duration=\"1000\" data-animation-delay=\"0\"><span style=\"font-weight: 700;\"><\/span><span style=\"font-weight: 400;\">Se<\/span><span style=\"font-weight: 400;\">m Metka \u2014 heels u\u010diteljica, koreografinja in plesalka.&nbsp;<br>Nenehno rastem in se razvijam skozi treninge v Londonu, Madridu in drugod ter z veseljem prina\u0161am to znanje, umetni\u0161kost in navdih nazaj domov, v Slovenijo.&nbsp;<br>\n              <br>Ples je moj jezik \u2014 na\u010din, kako rastem, se izra\u017eam in povezujem.<br> Skozi gib raziskujem mo\u010d in mehkobo, disciplino in svobodo, vse odtenke med njima.&nbsp;<br>Na tej poti sem se nau\u010dila v celoti objeti svojo \u017eenstveno plat \u2014 gibati se samozavestno, elegantno in svobodno.<br>\n              <br>Moja strast je navdihniti \u017eenske, da storijo enako:<br> da se izrazijo drzno, samozavestno in se po\u010dutijo mo\u010dne v svoji ko\u017ei.&nbsp;<br>Globoko me vle\u010de tudi ustvarjanje umetnosti \u2014 plesa, ki izra\u017ea eleganco, lepe linije in zanimivo dinamiko.&nbsp;<br>Iz te \u017eelje se je rodil In My Heels \u2014 ne le kot plesni klas, temve\u010d kot community.&nbsp;<br>Prostor, kjer se povezujemo, ple\u0161emo, rastemo in dvigujemo ena drugo.&nbsp;<br>To potovanje je zame stalna rast \u2014 kot plesalka, ustvarjalka in kot \u017eenska.&nbsp;<\/span>\n          <\/p>\n        <\/div>\n        <img decoding=\"async\" class=\"u-expanded-width-xs u-image u-image-contain u-image-default u-image-1\" src=\"https:\/\/inmyheels.si\/wp-content\/uploads\/2026\/02\/Untitleddesign9copy-1-2048x1082.png\" alt=\"\" data-image-width=\"2048\" data-image-height=\"1082\">\n      <\/div>\n    <\/section>\n    <section class=\"u-clearfix u-palette-2-base u-section-3\" id=\"block-2\">\n      <div class=\"u-clearfix u-sheet u-sheet-1\">\n        <div class=\"u-clearfix u-group-elements u-group-elements-1\" data-animation-name=\"customAnimationIn\" data-animation-duration=\"1000\" data-animation-delay=\"0\">\n          <h1 class=\"u-text u-text-default u-text-1\" data-animation-name=\"customAnimationIn\" data-animation-duration=\"1000\" data-animation-delay=\"0\">In My Heels filozofija<\/h1>\n          <p class=\"u-text u-text-2\" data-animation-name=\"customAnimationIn\" data-animation-duration=\"1000\" data-animation-delay=\"0\"><span style=\"font-weight: 700;\"><\/span>In My Heels je ve\u010d kot samo plesni klas \u2014 je vizija.&nbsp;<br>Zdru\u017euje ples, umetnost in glasbo z najve\u010djim confidence boostom \u2014 visokimi petkami.<br>\n            <br>Je skupnost, ki jo za\u010duti\u0161.<br> Prostor, kjer pobegne\u0161 iz realnosti in se potopi\u0161 v drugo dimenzijo.&nbsp;<br>In ko enkrat vstopi\u0161, to \u00bbiluzijo\u00ab odnese\u0161 s sabo \u2014 postane del tebe.<br>Gre za preobrazbo.<br> Ali pa preprosto za skupnost, ki si jo iskala.&nbsp;<br>\n            <br>Povezujejo nas smeh, elegantni gibi, drzna energija in umetni\u0161ko izra\u017eanje skozi koreografije, ki niso samo koraki, ampak zgodbe.<br>To je tisti mix estetike, mo\u010di in nepozabnih trenutkov, ki ostanejo \u2014 in jih nosi\u0161 v sebi.\n          <\/p>\n        <\/div>\n      <\/div>\n    <\/section>\n    <section class=\"u-carousel u-clearfix u-slide u-block-4dff-1\" data-interval=\"2500\" data-u-ride=\"carousel\" id=\"carousel-a748\">\n      <ol class=\"u-absolute-hcenter u-carousel-indicators u-hidden u-block-4dff-2\">\n        <li data-u-target=\"#carousel-a748\" class=\"u-active u-grey-30 u-shape-circle\" style=\"width: 10px; height: 10px;\" data-u-slide-to=\"0\"><\/li>\n        <li data-u-target=\"#carousel-a748\" class=\"u-grey-30 u-shape-circle\" style=\"width: 10px; height: 10px;\" data-u-slide-to=\"1\"><\/li>\n        <li data-u-target=\"#carousel-a748\" class=\"u-grey-30 u-shape-circle\" style=\"width: 10px; height: 10px;\" data-u-slide-to=\"2\"><\/li>\n        <li data-u-target=\"#carousel-a748\" class=\"u-grey-30 u-shape-circle\" style=\"width: 10px; height: 10px;\" data-u-slide-to=\"3\"><\/li>\n        <li data-u-target=\"#carousel-a748\" class=\"u-grey-30 u-shape-circle\" style=\"width: 10px; height: 10px;\" data-u-slide-to=\"4\"><\/li>\n      <\/ol>\n      <div class=\"u-carousel-inner\" role=\"listbox\">\n        <div class=\"u-active u-carousel-item u-container-style u-section-4-1\" data-image-width=\"2066\" data-image-height=\"1326\">\n          <img decoding=\"async\" class=\"u-absolute-hcenter u-expanded u-image u-image-default u-preserve-proportions u-image-1\" src=\"https:\/\/inmyheels.si\/wp-content\/uploads\/2026\/03\/P1083018.jpeg\" alt=\"\">\n        <\/div>\n        <div class=\"u-carousel-item u-container-style u-section-4-2\" data-image-width=\"2066\" data-image-height=\"1326\">\n          <img decoding=\"async\" class=\"u-absolute-hcenter u-expanded u-image u-image-default u-preserve-proportions u-image-1\" src=\"https:\/\/inmyheels.si\/wp-content\/uploads\/2026\/02\/Photo7.8.25202932-1365x2048.jpeg\" alt=\"\" data-image-width=\"1365\" data-image-height=\"2048\">\n        <\/div>\n        <div class=\"u-carousel-item u-container-style u-section-4-3\" data-image-width=\"2066\" data-image-height=\"1326\">\n          <img decoding=\"async\" class=\"u-absolute-hcenter u-expanded u-image u-image-default u-preserve-proportions u-image-1\" src=\"https:\/\/inmyheels.si\/wp-content\/uploads\/2026\/03\/P1022243.jpeg\" alt=\"\">\n        <\/div>\n        <div class=\"u-carousel-item u-container-style u-section-4-4\" data-image-width=\"2066\" data-image-height=\"1326\">\n          <img decoding=\"async\" class=\"u-absolute-hcenter u-expanded u-image u-image-default u-preserve-proportions u-image-1\" src=\"https:\/\/inmyheels.si\/wp-content\/uploads\/2026\/03\/P10227562.jpeg\" alt=\"\">\n        <\/div>\n        <div class=\"u-carousel-item u-container-style u-section-4-5\" data-image-width=\"2066\" data-image-height=\"1326\">\n          <img decoding=\"async\" class=\"u-absolute-hcenter u-expanded u-image u-image-default u-preserve-proportions u-image-1\" src=\"https:\/\/inmyheels.si\/wp-content\/uploads\/2026\/03\/IMG_2191.jpeg\" alt=\"\">\n        <\/div>\n      <\/div>\n      <a class=\"u-absolute-vcenter-md u-absolute-vcenter-sm u-absolute-vcenter-xs u-carousel-control u-carousel-control-prev u-text-hover-palette-4-base u-text-palette-4-base u-block-4dff-3\" href=\"#carousel-a748\" role=\"button\" data-u-slide=\"prev\"><span aria-hidden=\"true\">\n          <svg class=\"u-svg-link\" viewBox=\"0 0 477.175 477.175\"><path d=\"M145.188,238.575l215.5-215.5c5.3-5.3,5.3-13.8,0-19.1s-13.8-5.3-19.1,0l-225.1,225.1c-5.3,5.3-5.3,13.8,0,19.1l225.1,225\n                    c2.6,2.6,6.1,4,9.5,4s6.9-1.3,9.5-4c5.3-5.3,5.3-13.8,0-19.1L145.188,238.575z\"><\/path><\/svg><\/span><span class=\"sr-only\">Previous<\/span>\n      <\/a>\n      <a class=\"u-absolute-vcenter u-carousel-control u-carousel-control-next u-text-hover-palette-4-base u-text-palette-4-base u-block-4dff-4\" href=\"#carousel-a748\" role=\"button\" data-u-slide=\"next\"><span aria-hidden=\"true\">\n          <svg class=\"u-svg-link\" viewBox=\"0 0 477.175 477.175\"><path d=\"M360.731,229.075l-225.1-225.1c-5.3-5.3-13.8-5.3-19.1,0s-5.3,13.8,0,19.1l215.5,215.5l-215.5,215.5\n                    c-5.3,5.3-5.3,13.8,0,19.1c2.6,2.6,6.1,4,9.5,4c3.4,0,6.9-1.3,9.5-4l225.1-225.1C365.931,242.875,365.931,234.275,360.731,229.075z\"><\/path><\/svg><\/span><span class=\"sr-only\">Next<\/span>\n      <\/a>\n    <\/section>\n    <section class=\"u-clearfix u-palette-4-base u-section-5\" id=\"block-5\">\n      <div class=\"u-clearfix u-sheet u-sheet-1\">\n        <h2 class=\"u-text u-text-default u-text-1\" data-animation-name=\"customAnimationIn\" data-animation-duration=\"1000\" data-animation-delay=\"0\">Si pripravljena na prijavo?<\/h2>\n        <a href=\"https:\/\/docs.google.com\/forms\/d\/e\/1FAIpQLSdVUejv2YIDnsv7AiQegNaoezD5YkSbODIkunhjXrD9nTAZsQ\/viewform?fbclid=PAQ0xDSwMRvp9leHRuA2FlbQIxMQABpylKhhppT-WyrjEDd07DcujQLyYstUKmy_ijBxVib5hah-7TWvPQkJHgxFNe_aem_03dnpg1YOIJAHim1i1TtvQ\" class=\"u-active-custom-color-6 u-border-none u-btn u-btn-round u-button-style u-custom-font u-heading-font u-hover-custom-color-6 u-palette-3-base u-radius u-btn-1\" target=\"_blank\" data-animation-name=\"customAnimationIn\" data-animation-duration=\"1000\" data-animation-delay=\"0\">Izpolni prijavnico<\/a>\n      <\/div>\n    <\/section>\n    \n    \n    \n  \n<\/div>","protected":false},"excerpt":{"rendered":"<p>O meni Sem Metka \u2014 heels u\u010diteljica, koreografinja in plesalka.&nbsp;Nenehno rastem in se razvijam skozi treninge v Londonu, Madridu in drugod ter z veseljem prina\u0161am to znanje, umetni\u0161kost in navdih nazaj domov, v Slovenijo.&nbsp; Ples je moj jezik \u2014 na\u010din, kako rastem, se izra\u017eam in povezujem. Skozi gib raziskujem mo\u010d in mehkobo, disciplino in svobodo, [&hellip;]<\/p>\n","protected":false},"author":1,"featured_media":0,"parent":0,"menu_order":0,"comment_status":"closed","ping_status":"closed","template":"","meta":{"pagelayer_contact_templates":[],"_pagelayer_content":"","footnotes":""},"class_list":["post-39","page","type-page","status-publish","hentry"],"_links":{"self":[{"href":"https:\/\/inmyheels.si\/index.php?rest_route=\/wp\/v2\/pages\/39","targetHints":{"allow":["GET"]}}],"collection":[{"href":"https:\/\/inmyheels.si\/index.php?rest_route=\/wp\/v2\/pages"}],"about":[{"href":"https:\/\/inmyheels.si\/index.php?rest_route=\/wp\/v2\/types\/page"}],"author":[{"embeddable":true,"href":"https:\/\/inmyheels.si\/index.php?rest_route=\/wp\/v2\/users\/1"}],"replies":[{"embeddable":true,"href":"https:\/\/inmyheels.si\/index.php?rest_route=%2Fwp%2Fv2%2Fcomments&post=39"}],"version-history":[{"count":9,"href":"https:\/\/inmyheels.si\/index.php?rest_route=\/wp\/v2\/pages\/39\/revisions"}],"predecessor-version":[{"id":166,"href":"https:\/\/inmyheels.si\/index.php?rest_route=\/wp\/v2\/pages\/39\/revisions\/166"}],"wp:attachment":[{"href":"https:\/\/inmyheels.si\/index.php?rest_route=%2Fwp%2Fv2%2Fmedia&parent=39"}],"curies":[{"name":"wp","href":"https:\/\/api.w.org\/{rel}","templated":true}]}}