{"id":146,"date":"2026-03-18T15:01:15","date_gmt":"2026-03-18T15:01:15","guid":{"rendered":"https:\/\/inmyheels.si\/?page_id=146"},"modified":"2026-03-24T17:51:35","modified_gmt":"2026-03-24T17:51:35","slug":"online-tecaji","status":"publish","type":"page","link":"https:\/\/inmyheels.si\/?page_id=146","title":{"rendered":"Online te\u010daji"},"content":{"rendered":"<div class=\"\" style=\"\" >\n    \n    <section class=\"u-clearfix u-palette-4-base u-section-2\" id=\"block-1\">\n      <div class=\"u-clearfix u-sheet u-sheet-1\">\n        <h1 class=\"u-text u-text-default u-text-palette-2-base u-text-1\">Na\u0161i online te\u010daji so trenutno \u0161e v nastanku...<\/h1>\n        <p class=\"u-text u-text-default u-text-palette-2-base u-text-2\">Da bo\u0161 izvedela prva, me dodaj na Instagram profilu:&nbsp;<a href=\"https:\/\/www.instagram.com\/inmyheels__\/\" class=\"u-btn u-button-link u-button-style u-custom-font u-text-active-palette-2-base u-text-hover-palette-2-base u-text-palette-2-base u-btn-1\" target=\"_blank\">@inmyheels__ &nbsp;<\/a>\n        <\/p>\n      <\/div>\n    <\/section>\n    \n    \n    \n  \n<\/div>","protected":false},"excerpt":{"rendered":"<p>Na\u0161i online te\u010daji so trenutno \u0161e v nastanku&#8230; Da bo\u0161 izvedela prva, me dodaj na Instagram profilu:&nbsp;@inmyheels__ &nbsp;<\/p>\n","protected":false},"author":1,"featured_media":0,"parent":0,"menu_order":0,"comment_status":"closed","ping_status":"closed","template":"","meta":{"pagelayer_contact_templates":[],"_pagelayer_content":"","footnotes":""},"class_list":["post-146","page","type-page","status-publish","hentry"],"_links":{"self":[{"href":"https:\/\/inmyheels.si\/index.php?rest_route=\/wp\/v2\/pages\/146","targetHints":{"allow":["GET"]}}],"collection":[{"href":"https:\/\/inmyheels.si\/index.php?rest_route=\/wp\/v2\/pages"}],"about":[{"href":"https:\/\/inmyheels.si\/index.php?rest_route=\/wp\/v2\/types\/page"}],"author":[{"embeddable":true,"href":"https:\/\/inmyheels.si\/index.php?rest_route=\/wp\/v2\/users\/1"}],"replies":[{"embeddable":true,"href":"https:\/\/inmyheels.si\/index.php?rest_route=%2Fwp%2Fv2%2Fcomments&post=146"}],"version-history":[{"count":3,"href":"https:\/\/inmyheels.si\/index.php?rest_route=\/wp\/v2\/pages\/146\/revisions"}],"predecessor-version":[{"id":157,"href":"https:\/\/inmyheels.si\/index.php?rest_route=\/wp\/v2\/pages\/146\/revisions\/157"}],"wp:attachment":[{"href":"https:\/\/inmyheels.si\/index.php?rest_route=%2Fwp%2Fv2%2Fmedia&parent=146"}],"curies":[{"name":"wp","href":"https:\/\/api.w.org\/{rel}","templated":true}]}}