{"id":111,"date":"2026-03-18T14:50:40","date_gmt":"2026-03-18T14:50:40","guid":{"rendered":"https:\/\/inmyheels.si\/?page_id=111"},"modified":"2026-03-18T14:50:40","modified_gmt":"2026-03-18T14:50:40","slug":"pravni-pogoji","status":"publish","type":"page","link":"https:\/\/inmyheels.si\/?page_id=111","title":{"rendered":"Pravni pogoji"},"content":{"rendered":"<div class=\"\" style=\"\" >\n    \n    <section class=\"u-clearfix u-palette-4-base u-section-2\" id=\"block-1\">\n      <div class=\"u-clearfix u-sheet u-sheet-1\">\n        <h1 class=\"u-text u-text-default u-text-1\"> Splo\u0161ni pogoji poslovanja<\/h1>\n        <p class=\"u-text u-text-body-color u-text-2\"> Splo\u0161ni pogoji poslovanja spletne strani <a rel=\"noopener\" target=\"_new\" class=\"decorated-link skrollable u-btn u-button-style u-custom-font u-text-custom-color-4 u-btn-1\" href=\"http:\/\/www.inmyheels.si\">www.inmyheels.si<\/a>&nbsp;<br>\n          <br><span style=\"font-weight: 700;\">Lastnik in upravljavec spletne strani je:&nbsp;<\/span>\n          <br>Move &amp; Vibe, Metka Ver\u0161i\u010d s.p.<br> Na postajo 5 2250 Ptuj, Slovenija<br> E-po\u0161ta: <a class=\"cursor-pointer decorated-link skrollable u-btn u-button-style u-custom-font u-text-custom-color-4 u-btn-2\" rel=\"noopener\">metka.versic@gmail.com<\/a>&nbsp;<br>\n          <br><span style=\"font-weight: 700;\">1. Splo\u0161no\nSpletna stran<\/span>\n          <br>&nbsp;<a rel=\"noopener\" target=\"_new\" class=\"decorated-link skrollable u-btn u-button-style u-custom-font u-text-custom-color-4 u-btn-3\" href=\"http:\/\/www.inmyheels.si\">www.inmyheels.si<\/a> (v nadaljevanju: \u00bbstran\u00ab) je informativne narave in predstavlja ponudbo plesnih te\u010dajev in aktivnosti podjetja Move &amp; Vibe, Metka Ver\u0161i\u010d s.p.\nZ uporabo spletne strani uporabnik potrjuje, da se strinja s temi splo\u0161nimi pogoji.&nbsp;<br>\n          <br><span style=\"font-weight: 700;\">2<span style=\"font-weight: 700;\">. Informacije na spletni strani&nbsp;<\/span><\/span>\n          <br>Ponudnik se trudi zagotavljati to\u010dne in a\u017eurne informacije, vendar ne prevzema odgovornosti za morebitne napake ali nepopolnosti.\nPonudnik si pridr\u017euje pravico do spremembe vsebine brez predhodnega obvestila.&nbsp;<br>\n          <br><span style=\"font-weight: 700;\">3. Prijava na te\u010daje&nbsp;<\/span>\n          <br>Prijava na plesne te\u010daje poteka preko zunanjega obrazca (Google Forms).&nbsp;<br>Oddaja prijave pomeni:&nbsp;<br>&nbsp;- interes za udele\u017ebo na te\u010daju <br>&nbsp;- dovoljenje za kontakt v zvezi s prijavo <br>&nbsp;- strinjanje z obdelavo posredovanih podatkov za namen organizacije te\u010daja <br> Podrobnosti o terminih, pla\u010dilu in pogojih udele\u017ebe se udele\u017eencu posredujejo po prijavi.&nbsp;<br>\n          <br><span style=\"font-weight: 700;\">4. Odgovornost uporabnika&nbsp;<\/span>\n          <br>Uporabnik se zavezuje, da bo spletno stran uporabljal zakonito in v skladu z dobrimi poslovnimi obi\u010daji.&nbsp;<br>Prepovedano je:&nbsp;<br>&nbsp;- zlorabljati obrazce <br>&nbsp;- posredovati la\u017ene podatke <br>&nbsp;- kakr\u0161nokoli dejanje, ki bi lahko \u0161kodovalo delovanju strani<br>&nbsp; &nbsp;<br><span style=\"font-weight: 700;\">5. Avtorske pravice&nbsp;<\/span>\n          <br>Vsebine na spletni strani (besedila, fotografije, grafika, logotipi) so za\u0161\u010ditene z avtorskimi pravicami.&nbsp;<br>Kopiranje ali uporaba brez pisnega dovoljenja ni dovoljena.&nbsp;<br>\n          <br><span style=\"font-weight: 700;\">6. Omejitev odgovornosti&nbsp;<\/span>\n          <br>Ponudnik ne odgovarja za:\nmorebitno nedelovanje spletne strani <br> tehni\u010dne motnje \u0161kodo, ki bi nastala zaradi uporabe ali nezmo\u017enosti uporabe strani<br>&nbsp; &nbsp;<br><span style=\"font-weight: 700;\">7. Kon\u010dne dolo\u010dbe<\/span>\n          <br>Ponudnik si pridr\u017euje pravico do spremembe pogojev.&nbsp;<br>Za morebitne spore je pristojno sodi\u0161\u010de v Sloveniji.&nbsp;\n        <\/p>\n      <\/div>\n    <\/section>\n    <section class=\"u-clearfix u-palette-4-base u-section-3\" id=\"block-2\">\n      <div class=\"u-clearfix u-sheet u-sheet-1\">\n        <h1 class=\"u-text u-text-default u-text-1\">Politika zasebnosti<\/h1>\n        <p class=\"u-text u-text-body-color u-text-2\"><span style=\"font-weight: 700;\"> 1. Upravljavec podatkov&nbsp;<\/span>\n          <br>Upravljavec osebnih podatkov je:\nMove &amp; Vibe, Metka Ver\u0161i\u010d s.p.<br> Na postajo 5, 2250 Ptuj<br> E-po\u0161ta: <a class=\"cursor-pointer decorated-link skrollable u-btn u-button-style u-custom-font u-text-custom-color-4 u-btn-1\" rel=\"noopener\">metka.versic@gmail.com<\/a>&nbsp;<br>\n          <br><span style=\"font-weight: 700;\">2. Katere podatke zbiramo&nbsp;<\/span>\n          <br>Podatki se zbirajo izklju\u010dno ob prijavi na te\u010daje preko Google obrazca.&nbsp;<br>Lahko vklju\u010dujejo: <br>&nbsp;- ime in priimek <br>&nbsp;- e-po\u0161tni naslov <br>&nbsp;- telefonsko \u0161tevilko <br>&nbsp;- druge podatke, ki jih uporabnik prostovoljno navede<br>&nbsp; &nbsp;<br><span style=\"font-weight: 700;\">3. Namen obdelave&nbsp;<\/span>\n          <br>Podatki se uporabljajo izklju\u010dno za:&nbsp;<br>&nbsp;- organizacijo in izvedbo plesnih te\u010dajev&nbsp;<br>&nbsp;- komunikacijo z udele\u017eenci <br>&nbsp;- posredovanje informacij o prijavi<br>\n          <br>&nbsp; Podatki se ne uporabljajo za marketing ali po\u0161iljanje novic.&nbsp;<br>\n          <br><span style=\"font-weight: 700;\">4. Pravna podlaga&nbsp;<\/span>\n          <br>Obdelava temelji na:&nbsp;<br>&nbsp;- privolitvi posameznika (oddaja obrazca) <br>&nbsp;- zakonitem interesu za izvedbo storitve<br>\n          <br><span style=\"font-weight: 700;\">5. Posredovanje podatkov&nbsp;<\/span>\n          <br>Podatki se ne prodajajo ali posredujejo tretjim osebam, razen:&nbsp;<br>&nbsp;- ponudniku storitve Google Forms (Google LLC) <br>&nbsp;- kadar to zahteva zakon<br>\n          <br>Google lahko podatke obdeluje na stre\u017enikih izven EU.<br>\n          <br><span style=\"font-weight: 700;\">6. Hramba podatkov&nbsp;<\/span>\n          <br>Podatki se hranijo toliko \u010dasa, kolikor je potrebno za izvedbo te\u010daja ali komunikacijo z udele\u017eencem.&nbsp;<br>\n          <br><span style=\"font-weight: 700;\">7. Pravice posameznika&nbsp;<\/span>\n          <br>Uporabnik ima pravico do:&nbsp;<br>&nbsp;- dostopa do podatkov <br>&nbsp;- popravka podatkov <br>&nbsp;- izbrisa podatkov <br>&nbsp;- omejitve obdelave <br>&nbsp;- prenosljivosti podatkov <br>&nbsp;- vlo\u017eitve prito\u017ebe pri Informacijskem poobla\u0161\u010dencu<br>&nbsp;&nbsp;<br>Za uveljavljanje pravic lahko pi\u0161e na: <a class=\"cursor-pointer decorated-link skrollable u-btn u-button-style u-custom-font u-text-custom-color-4 u-btn-2\" rel=\"noopener\">metka.versic@gmail.com<\/a>\n        <\/p>\n      <\/div>\n    <\/section>\n    <section class=\"u-clearfix u-palette-4-base u-section-4\" id=\"block-3\">\n      <div class=\"u-clearfix u-sheet u-sheet-1\">\n        <h1 class=\"u-text u-text-default u-text-1\">Politika pi\u0161kotkov<\/h1>\n        <p class=\"u-text u-text-body-color u-text-2\"><span style=\"font-weight: 700;\">1. Kaj so pi\u0161kotki&nbsp;<\/span>\n          <br>Pi\u0161kotki so majhne datoteke, ki se shranijo na napravi uporabnika ob obisku spletne strani.&nbsp;<br>\n          <br><span style=\"font-weight: 700;\">2. Katere pi\u0161kotke uporabljamo&nbsp;<\/span>\n          <br>Spletna stran uporablja samo nujne (osnovne) pi\u0161kotke, ki omogo\u010dajo delovanje strani.\nTi pi\u0161kotki ne zbirajo osebnih podatkov in niso namenjeni sledenju.&nbsp;<br>\n          <br><span style=\"font-weight: 700;\">3. Pi\u0161kotki tretjih strani&nbsp;<\/span>\n          <br>Spletna stran lahko vsebuje povezave na zunanje storitve (npr. Google Forms), ki lahko uporabljajo lastne pi\u0161kotke. Za te pi\u0161kotke je odgovoren ponudnik storitve.<br>\n          <br><span style=\"font-weight: 700;\">4. Upravljanje pi\u0161kotkov&nbsp;<\/span>\n          <br>Uporabnik lahko pi\u0161kotke kadarkoli izbri\u0161e ali onemogo\u010di v nastavitvah brskalnika.\nOnemogo\u010danje lahko vpliva na delovanje strani.<br>\n          <br><span style=\"font-weight: 700;\">5. Spremembe politike<\/span>\n          <br>Ponudnik si pridr\u017euje pravico do spremembe politike pi\u0161kotkov. \n        <\/p>\n      <\/div>\n    <\/section>\n    \n    \n    \n  \n<\/div>","protected":false},"excerpt":{"rendered":"<p>Splo\u0161ni pogoji poslovanja Splo\u0161ni pogoji poslovanja spletne strani www.inmyheels.si&nbsp; Lastnik in upravljavec spletne strani je:&nbsp; Move &amp; Vibe, Metka Ver\u0161i\u010d s.p. Na postajo 5 2250 Ptuj, Slovenija E-po\u0161ta: metka.versic@gmail.com&nbsp; 1. Splo\u0161no Spletna stran &nbsp;www.inmyheels.si (v nadaljevanju: \u00bbstran\u00ab) je informativne narave in predstavlja ponudbo plesnih te\u010dajev in aktivnosti podjetja Move &amp; Vibe, Metka Ver\u0161i\u010d s.p. Z [&hellip;]<\/p>\n","protected":false},"author":1,"featured_media":0,"parent":0,"menu_order":0,"comment_status":"closed","ping_status":"closed","template":"","meta":{"pagelayer_contact_templates":[],"_pagelayer_content":"","footnotes":""},"class_list":["post-111","page","type-page","status-publish","hentry"],"_links":{"self":[{"href":"https:\/\/inmyheels.si\/index.php?rest_route=\/wp\/v2\/pages\/111","targetHints":{"allow":["GET"]}}],"collection":[{"href":"https:\/\/inmyheels.si\/index.php?rest_route=\/wp\/v2\/pages"}],"about":[{"href":"https:\/\/inmyheels.si\/index.php?rest_route=\/wp\/v2\/types\/page"}],"author":[{"embeddable":true,"href":"https:\/\/inmyheels.si\/index.php?rest_route=\/wp\/v2\/users\/1"}],"replies":[{"embeddable":true,"href":"https:\/\/inmyheels.si\/index.php?rest_route=%2Fwp%2Fv2%2Fcomments&post=111"}],"version-history":[{"count":4,"href":"https:\/\/inmyheels.si\/index.php?rest_route=\/wp\/v2\/pages\/111\/revisions"}],"predecessor-version":[{"id":122,"href":"https:\/\/inmyheels.si\/index.php?rest_route=\/wp\/v2\/pages\/111\/revisions\/122"}],"wp:attachment":[{"href":"https:\/\/inmyheels.si\/index.php?rest_route=%2Fwp%2Fv2%2Fmedia&parent=111"}],"curies":[{"name":"wp","href":"https:\/\/api.w.org\/{rel}","templated":true}]}}